{"id":117,"date":"2021-02-04T14:06:11","date_gmt":"2021-02-04T13:06:11","guid":{"rendered":"http:\/\/cordemariafigueres.com\/?page_id=117"},"modified":"2023-02-23T11:22:46","modified_gmt":"2023-02-23T10:22:46","slug":"grupsdetreball","status":"publish","type":"page","link":"https:\/\/cordemariafigueres.com\/es\/grupsdetreball\/","title":{"rendered":"Grupos de trabajo"},"content":{"rendered":"<div data-elementor-type=\"wp-page\" data-elementor-id=\"117\" class=\"elementor elementor-117\" data-elementor-settings=\"[]\">\n\t\t\t\t\t\t\t<div class=\"elementor-section-wrap\">\n\t\t\t\t\t\t\t<section class=\"elementor-section elementor-top-section elementor-element elementor-element-9586d84 elementor-section-boxed elementor-section-height-default elementor-section-height-default\" data-id=\"9586d84\" data-element_type=\"section\" data-settings=\"{&quot;background_background&quot;:&quot;gradient&quot;}\">\n\t\t\t\t\t\t<div class=\"elementor-container elementor-column-gap-default\">\n\t\t\t\t\t<div class=\"elementor-column elementor-col-100 elementor-top-column elementor-element elementor-element-1ced41b\" data-id=\"1ced41b\" data-element_type=\"column\" data-settings=\"{&quot;background_background&quot;:&quot;classic&quot;}\">\n\t\t\t<div class=\"elementor-widget-wrap elementor-element-populated\">\n\t\t\t\t\t\t\t\t<div class=\"elementor-element elementor-element-0a65f2f elementor-widget elementor-widget-heading\" data-id=\"0a65f2f\" data-element_type=\"widget\" data-widget_type=\"heading.default\">\n\t\t\t\t<div class=\"elementor-widget-container\">\n\t\t\t<h2 class=\"elementor-heading-title elementor-size-xl\">Grupos de Trabajo<\/h2>\t\t<\/div>\n\t\t\t\t<\/div>\n\t\t\t\t<div class=\"elementor-element elementor-element-0ecf9bb elementor-widget elementor-widget-text-editor\" data-id=\"0ecf9bb\" data-element_type=\"widget\" data-widget_type=\"text-editor.default\">\n\t\t\t\t<div class=\"elementor-widget-container\">\n\t\t\t\t\t\t\t<p style=\"text-align: left;\"><span style=\"font-weight: 400;\">Los Grupos de Trabajo es una metodolog\u00eda donde organizamos a los alumnos de la clase en peque\u00f1os grupos heterog\u00e9neos y donde cada grupo trabaja de forma coordinada y aut\u00f3noma diferentes actividades o propuestas del \u00e1mbito matem\u00e1tico o ling\u00fc\u00edstico.\u00a0<\/span><\/p><p style=\"text-align: left;\"><span style=\"font-weight: 400;\">El trabajo cooperativo fomenta situaciones de aprendizaje basadas en las interacciones sociales y pretende que cada alumno sepa que su esfuerzo personal ayuda a los compa\u00f1eros a conseguir el \u00e9xito, tanto a nivel grupal como individual.\u00a0<\/span><\/p><p style=\"text-align: left;\"><span style=\"font-weight: 400;\">Adem\u00e1s, en las aulas de Educaci\u00f3n Infantil, trabajar en peque\u00f1os grupos facilita que los ni\u00f1os y ni\u00f1as puedan recibir una atenci\u00f3n m\u00e1s personal e individualizada por parte de la maestra, atendiendo as\u00ed a las necesidades individuales de cada alumno.<\/span><\/p><p style=\"text-align: left;\"><span style=\"font-weight: 400;\">Los ni\u00f1os y ni\u00f1as crean grupos de trabajo para tratar diversas asignaturas en las que organizamos la clase en peque\u00f1os grupos heterog\u00e9neos donde los alumnos trabajan de manera coordinada para resolver tareas acad\u00e9micas y profundizar en su propio aprendizaje. De esta forma fomentamos valorar el potencial educativo de las relaciones interpersonales existentes en cualquier grupo.<\/span><\/p>\t\t\t\t\t\t<\/div>\n\t\t\t\t<\/div>\n\t\t\t\t<div class=\"elementor-element elementor-element-04d69ba elementor-widget elementor-widget-text-editor\" data-id=\"04d69ba\" data-element_type=\"widget\" data-widget_type=\"text-editor.default\">\n\t\t\t\t<div class=\"elementor-widget-container\">\n\t\t\t\t\t\t\t<p style=\"text-align: left;\"><span style=\"font-weight: 400;\">Cada grupo tiene una tarea asignada, al inicio de la sesi\u00f3n se explicar\u00e1 los temas que deben trabajarse en el grupo, los objetivos de la actividad, la forma de trabajar y c\u00f3mo se har\u00e1 la validaci\u00f3n del trabajo realizado .<\/span><\/p><p style=\"text-align: left;\"><span style=\"font-weight: 400;\">\u00a0<\/span><\/p>\t\t\t\t\t\t<\/div>\n\t\t\t\t<\/div>\n\t\t\t\t<div class=\"elementor-element elementor-element-927884a elementor-icon-list--layout-traditional elementor-list-item-link-full_width elementor-widget elementor-widget-icon-list\" data-id=\"927884a\" data-element_type=\"widget\" data-widget_type=\"icon-list.default\">\n\t\t\t\t<div class=\"elementor-widget-container\">\n\t\t\t\t\t<ul class=\"elementor-icon-list-items\">\n\t\t\t\t\t\t\t<li class=\"elementor-icon-list-item\">\n\t\t\t\t\t\t\t\t\t\t\t<span class=\"elementor-icon-list-icon\">\n\t\t\t\t\t\t\t<i aria-hidden=\"true\" class=\"fas fa-chevron-right\"><\/i>\t\t\t\t\t\t<\/span>\n\t\t\t\t\t\t\t\t\t\t<span class=\"elementor-icon-list-text\">Las tareas de 1\u00ba son: Grafismo, Matem\u00e1ticas y lengua.\u00a0<\/span>\n\t\t\t\t\t\t\t\t\t<\/li>\n\t\t\t\t\t\t\t\t<li class=\"elementor-icon-list-item\">\n\t\t\t\t\t\t\t\t\t\t\t<span class=\"elementor-icon-list-icon\">\n\t\t\t\t\t\t\t<i aria-hidden=\"true\" class=\"fas fa-chevron-right\"><\/i>\t\t\t\t\t\t<\/span>\n\t\t\t\t\t\t\t\t\t\t<span class=\"elementor-icon-list-text\">Las tareas de 2\u00ba, 3\u00ba, 4\u00ba y 5\u00ba son: Matem\u00e1ticas, lengua catalana y castellana.<\/span>\n\t\t\t\t\t\t\t\t\t<\/li>\n\t\t\t\t\t\t\t\t<li class=\"elementor-icon-list-item\">\n\t\t\t\t\t\t\t\t\t\t\t<span class=\"elementor-icon-list-icon\">\n\t\t\t\t\t\t\t<i aria-hidden=\"true\" class=\"fas fa-chevron-right\"><\/i>\t\t\t\t\t\t<\/span>\n\t\t\t\t\t\t\t\t\t\t<span class=\"elementor-icon-list-text\">Las tareas de 6\u00ba son: Matem\u00e1ticas, lengua catalana, castellana y se crea un grupo de conversaci\u00f3n de lengua inglesa.\u00a0<\/span>\n\t\t\t\t\t\t\t\t\t<\/li>\n\t\t\t\t\t\t<\/ul>\n\t\t\t\t<\/div>\n\t\t\t\t<\/div>\n\t\t\t\t\t<\/div>\n\t\t<\/div>\n\t\t\t\t\t\t\t<\/div>\n\t\t<\/section>\n\t\t\t\t\t\t<\/div>\n\t\t\t\t\t<\/div>","protected":false},"excerpt":{"rendered":"<p>Grups de Treball Els Grups de Treball \u00e9s una metodologia on organitzem els alumnes de la classe en petits grups heterogenis i on cada grup treballa de manera coordinada i aut\u00f2noma diferents activitats o propostes de l\u2019\u00e0mbit matem\u00e0tic o ling\u00fc\u00edstic.\u00a0 El treball cooperatiu fomenta situacions d&#8217;aprenentatge basades en les interaccions socials i pret\u00e9n que cada [&hellip;]<\/p>","protected":false},"author":1,"featured_media":0,"parent":0,"menu_order":0,"comment_status":"closed","ping_status":"closed","template":"","meta":{"footnotes":""},"class_list":["post-117","page","type-page","status-publish","hentry","entry"],"_links":{"self":[{"href":"https:\/\/cordemariafigueres.com\/es\/wp-json\/wp\/v2\/pages\/117","targetHints":{"allow":["GET"]}}],"collection":[{"href":"https:\/\/cordemariafigueres.com\/es\/wp-json\/wp\/v2\/pages"}],"about":[{"href":"https:\/\/cordemariafigueres.com\/es\/wp-json\/wp\/v2\/types\/page"}],"author":[{"embeddable":true,"href":"https:\/\/cordemariafigueres.com\/es\/wp-json\/wp\/v2\/users\/1"}],"replies":[{"embeddable":true,"href":"https:\/\/cordemariafigueres.com\/es\/wp-json\/wp\/v2\/comments?post=117"}],"version-history":[{"count":175,"href":"https:\/\/cordemariafigueres.com\/es\/wp-json\/wp\/v2\/pages\/117\/revisions"}],"predecessor-version":[{"id":9649,"href":"https:\/\/cordemariafigueres.com\/es\/wp-json\/wp\/v2\/pages\/117\/revisions\/9649"}],"wp:attachment":[{"href":"https:\/\/cordemariafigueres.com\/es\/wp-json\/wp\/v2\/media?parent=117"}],"curies":[{"name":"wp","href":"https:\/\/api.w.org\/{rel}","templated":true}]}}