{"id":220,"date":"2021-02-18T10:34:55","date_gmt":"2021-02-18T09:34:55","guid":{"rendered":"http:\/\/cordemariafigueres.com\/?page_id=220"},"modified":"2022-11-28T12:14:02","modified_gmt":"2022-11-28T11:14:02","slug":"treballperprojectes","status":"publish","type":"page","link":"https:\/\/cordemariafigueres.com\/es\/treballperprojectes\/","title":{"rendered":"Trabajo para proyectos"},"content":{"rendered":"<div data-elementor-type=\"wp-page\" data-elementor-id=\"220\" class=\"elementor elementor-220\" data-elementor-settings=\"[]\">\n\t\t\t\t\t\t\t<div class=\"elementor-section-wrap\">\n\t\t\t\t\t\t\t<section class=\"elementor-section elementor-top-section elementor-element elementor-element-d7fc2dd elementor-section-boxed elementor-section-height-default elementor-section-height-default\" data-id=\"d7fc2dd\" data-element_type=\"section\" data-settings=\"{&quot;background_background&quot;:&quot;classic&quot;}\">\n\t\t\t\t\t\t<div class=\"elementor-container elementor-column-gap-default\">\n\t\t\t\t\t<div class=\"elementor-column elementor-col-100 elementor-top-column elementor-element elementor-element-2d6404e\" data-id=\"2d6404e\" data-element_type=\"column\">\n\t\t\t<div class=\"elementor-widget-wrap elementor-element-populated\">\n\t\t\t\t\t\t\t\t<div class=\"elementor-element elementor-element-156ddbd elementor-widget elementor-widget-text-editor\" data-id=\"156ddbd\" data-element_type=\"widget\" data-widget_type=\"text-editor.default\">\n\t\t\t\t<div class=\"elementor-widget-container\">\n\t\t\t\t\t\t\t\t\t\t\t\t\t<\/div>\n\t\t\t\t<\/div>\n\t\t\t\t<div class=\"elementor-element elementor-element-7c4d2e8 elementor-widget elementor-widget-heading\" data-id=\"7c4d2e8\" data-element_type=\"widget\" data-widget_type=\"heading.default\">\n\t\t\t\t<div class=\"elementor-widget-container\">\n\t\t\t<h2 class=\"elementor-heading-title elementor-size-xl\">Trabajo para Proyectos<\/h2>\t\t<\/div>\n\t\t\t\t<\/div>\n\t\t\t\t\t<\/div>\n\t\t<\/div>\n\t\t\t\t\t\t\t<\/div>\n\t\t<\/section>\n\t\t\t\t<section class=\"elementor-section elementor-top-section elementor-element elementor-element-b970afe elementor-section-boxed elementor-section-height-default elementor-section-height-default\" data-id=\"b970afe\" data-element_type=\"section\" data-settings=\"{&quot;background_background&quot;:&quot;classic&quot;}\">\n\t\t\t\t\t\t<div class=\"elementor-container elementor-column-gap-default\">\n\t\t\t\t\t<div class=\"elementor-column elementor-col-100 elementor-top-column elementor-element elementor-element-114fc5a\" data-id=\"114fc5a\" data-element_type=\"column\">\n\t\t\t<div class=\"elementor-widget-wrap elementor-element-populated\">\n\t\t\t\t\t\t\t\t<div class=\"elementor-element elementor-element-b712783 elementor-widget elementor-widget-text-editor\" data-id=\"b712783\" data-element_type=\"widget\" data-widget_type=\"text-editor.default\">\n\t\t\t\t<div class=\"elementor-widget-container\">\n\t\t\t\t\t\t\t<p style=\"text-align: left;\"><span style=\"font-weight: 400;\">En el trabajo por proyectos partimos de una pregunta reto, contextualizada en el entorno m\u00e1s cercano a los alumnos, que tendr\u00e1n que resolver.<\/span><\/p><p style=\"text-align: left;\"><span style=\"font-weight: 400;\">El alumno es el protagonista de su proceso de aprendizaje. Se plantea problemas, dudas, preguntas y a trav\u00e9s de la investigaci\u00f3n, la experimentaci\u00f3n, el trabajo en equipo y la gu\u00eda de los maestros adquiere conocimientos transversales. <\/span><span style=\"font-weight: 400;\">adquireix coneixements transversals.<\/span><\/p>\t\t\t\t\t\t<\/div>\n\t\t\t\t<\/div>\n\t\t\t\t\t<\/div>\n\t\t<\/div>\n\t\t\t\t\t\t\t<\/div>\n\t\t<\/section>\n\t\t\t\t\t\t<\/div>\n\t\t\t\t\t<\/div>","protected":false},"excerpt":{"rendered":"<p>Treball per Projectes En el treball per projectes partim d\u2019una pregunta repte, contextualitzada en l\u2019entorn m\u00e9s proper als alumnes,\u00a0 que hauran de resoldre. L\u2019alumne \u00e9s el protagonista del seu proc\u00e9s d&#8217;aprenentatge. Es planteja problemes, dubtes, preguntes i a trav\u00e9s de la investigaci\u00f3, l\u2019experimentaci\u00f3, el treball\u00a0 en equip i el guiatge dels mestres adquireix coneixements transversals.<\/p>","protected":false},"author":1,"featured_media":0,"parent":0,"menu_order":0,"comment_status":"closed","ping_status":"closed","template":"","meta":{"footnotes":""},"class_list":["post-220","page","type-page","status-publish","hentry","entry"],"_links":{"self":[{"href":"https:\/\/cordemariafigueres.com\/es\/wp-json\/wp\/v2\/pages\/220","targetHints":{"allow":["GET"]}}],"collection":[{"href":"https:\/\/cordemariafigueres.com\/es\/wp-json\/wp\/v2\/pages"}],"about":[{"href":"https:\/\/cordemariafigueres.com\/es\/wp-json\/wp\/v2\/types\/page"}],"author":[{"embeddable":true,"href":"https:\/\/cordemariafigueres.com\/es\/wp-json\/wp\/v2\/users\/1"}],"replies":[{"embeddable":true,"href":"https:\/\/cordemariafigueres.com\/es\/wp-json\/wp\/v2\/comments?post=220"}],"version-history":[{"count":40,"href":"https:\/\/cordemariafigueres.com\/es\/wp-json\/wp\/v2\/pages\/220\/revisions"}],"predecessor-version":[{"id":7938,"href":"https:\/\/cordemariafigueres.com\/es\/wp-json\/wp\/v2\/pages\/220\/revisions\/7938"}],"wp:attachment":[{"href":"https:\/\/cordemariafigueres.com\/es\/wp-json\/wp\/v2\/media?parent=220"}],"curies":[{"name":"wp","href":"https:\/\/api.w.org\/{rel}","templated":true}]}}