{"id":8249,"date":"2022-12-09T09:20:21","date_gmt":"2022-12-09T08:20:21","guid":{"rendered":"http:\/\/cordemariafigueres.com\/?page_id=8249"},"modified":"2023-01-16T12:41:40","modified_gmt":"2023-01-16T11:41:40","slug":"alumnat","status":"publish","type":"page","link":"https:\/\/cordemariafigueres.com\/es\/alumnat\/","title":{"rendered":"Alumnat"},"content":{"rendered":"<div data-elementor-type=\"wp-page\" data-elementor-id=\"8249\" class=\"elementor elementor-8249\" data-elementor-settings=\"[]\">\n\t\t\t\t\t\t\t<div class=\"elementor-section-wrap\">\n\t\t\t\t\t\t\t<section class=\"elementor-section elementor-top-section elementor-element elementor-element-9e36ffa elementor-section-boxed elementor-section-height-default elementor-section-height-default\" data-id=\"9e36ffa\" data-element_type=\"section\">\n\t\t\t\t\t\t<div class=\"elementor-container elementor-column-gap-default\">\n\t\t\t\t\t<div class=\"elementor-column elementor-col-100 elementor-top-column elementor-element elementor-element-d1190bb\" data-id=\"d1190bb\" data-element_type=\"column\">\n\t\t\t<div class=\"elementor-widget-wrap elementor-element-populated\">\n\t\t\t\t\t\t\t\t<div class=\"elementor-element elementor-element-8ce2c98 elementor-widget elementor-widget-heading\" data-id=\"8ce2c98\" data-element_type=\"widget\" data-widget_type=\"heading.default\">\n\t\t\t\t<div class=\"elementor-widget-container\">\n\t\t\t<h2 class=\"elementor-heading-title elementor-size-large\">ENLLA\u00c7OS I RECURSOS PER A L' ALUMNAT<\/h2>\t\t<\/div>\n\t\t\t\t<\/div>\n\t\t\t\t\t<\/div>\n\t\t<\/div>\n\t\t\t\t\t\t\t<\/div>\n\t\t<\/section>\n\t\t\t\t<section class=\"elementor-section elementor-top-section elementor-element elementor-element-6a813fd elementor-section-boxed elementor-section-height-default elementor-section-height-default\" data-id=\"6a813fd\" data-element_type=\"section\">\n\t\t\t\t\t\t\t<div class=\"elementor-background-overlay\"><\/div>\n\t\t\t\t\t\t\t<div class=\"elementor-container elementor-column-gap-default\">\n\t\t\t\t\t<div class=\"elementor-column elementor-col-25 elementor-top-column elementor-element elementor-element-32cbc91\" data-id=\"32cbc91\" data-element_type=\"column\">\n\t\t\t<div class=\"elementor-widget-wrap elementor-element-populated\">\n\t\t\t\t\t\t\t\t<div class=\"elementor-element elementor-element-dde2666 elementor-invisible elementor-widget elementor-widget-image\" data-id=\"dde2666\" data-element_type=\"widget\" data-settings=\"{&quot;_animation&quot;:&quot;fadeInLeft&quot;}\" data-widget_type=\"image.default\">\n\t\t\t\t<div class=\"elementor-widget-container\">\n\t\t\t\t\t\t\t\t\t\t\t\t\t\t\t\t<a href=\"https:\/\/www.canva.com\/es_419\/\">\n\t\t\t\t\t\t\t<img loading=\"lazy\" decoding=\"async\" width=\"666\" height=\"375\" src=\"https:\/\/cordemariafigueres.com\/wp-content\/uploads\/2022\/12\/canva-scaled-removebg-preview.png\" class=\"elementor-animation-grow attachment-large size-large\" alt=\"\" srcset=\"https:\/\/cordemariafigueres.com\/wp-content\/uploads\/2022\/12\/canva-scaled-removebg-preview.png 666w, https:\/\/cordemariafigueres.com\/wp-content\/uploads\/2022\/12\/canva-scaled-removebg-preview-300x169.png 300w\" sizes=\"auto, (max-width: 666px) 100vw, 666px\" \/>\t\t\t\t\t\t\t\t<\/a>\n\t\t\t\t\t\t\t\t\t\t\t\t\t\t\t<\/div>\n\t\t\t\t<\/div>\n\t\t\t\t\t<\/div>\n\t\t<\/div>\n\t\t\t\t<div class=\"elementor-column elementor-col-25 elementor-top-column elementor-element elementor-element-0dea20a\" data-id=\"0dea20a\" data-element_type=\"column\">\n\t\t\t<div class=\"elementor-widget-wrap elementor-element-populated\">\n\t\t\t\t\t\t\t\t<div class=\"elementor-element elementor-element-173c7c0 elementor-invisible elementor-widget elementor-widget-image\" data-id=\"173c7c0\" data-element_type=\"widget\" data-settings=\"{&quot;_animation&quot;:&quot;fadeInDown&quot;}\" data-widget_type=\"image.default\">\n\t\t\t\t<div class=\"elementor-widget-container\">\n\t\t\t\t\t\t\t\t\t\t\t\t\t\t\t\t<a href=\"https:\/\/kahoot.it\/v2\/\">\n\t\t\t\t\t\t\t<img loading=\"lazy\" decoding=\"async\" width=\"1024\" height=\"349\" src=\"https:\/\/cordemariafigueres.com\/wp-content\/uploads\/2022\/12\/Kahoot_Logo-1024x349.png\" class=\"elementor-animation-grow attachment-large size-large\" alt=\"\" srcset=\"https:\/\/cordemariafigueres.com\/wp-content\/uploads\/2022\/12\/Kahoot_Logo-1024x349.png 1024w, https:\/\/cordemariafigueres.com\/wp-content\/uploads\/2022\/12\/Kahoot_Logo-300x102.png 300w, https:\/\/cordemariafigueres.com\/wp-content\/uploads\/2022\/12\/Kahoot_Logo-768x262.png 768w, https:\/\/cordemariafigueres.com\/wp-content\/uploads\/2022\/12\/Kahoot_Logo-1536x523.png 1536w, https:\/\/cordemariafigueres.com\/wp-content\/uploads\/2022\/12\/Kahoot_Logo-2048x698.png 2048w\" sizes=\"auto, (max-width: 1024px) 100vw, 1024px\" \/>\t\t\t\t\t\t\t\t<\/a>\n\t\t\t\t\t\t\t\t\t\t\t\t\t\t\t<\/div>\n\t\t\t\t<\/div>\n\t\t\t\t\t<\/div>\n\t\t<\/div>\n\t\t\t\t<div class=\"elementor-column elementor-col-25 elementor-top-column elementor-element elementor-element-f8582f8\" data-id=\"f8582f8\" data-element_type=\"column\">\n\t\t\t<div class=\"elementor-widget-wrap elementor-element-populated\">\n\t\t\t\t\t\t\t\t<div class=\"elementor-element elementor-element-6999514 elementor-invisible elementor-widget elementor-widget-image\" data-id=\"6999514\" data-element_type=\"widget\" data-settings=\"{&quot;_animation&quot;:&quot;fadeInUp&quot;}\" data-widget_type=\"image.default\">\n\t\t\t\t<div class=\"elementor-widget-container\">\n\t\t\t\t\t\t\t\t\t\t\t\t\t\t\t\t<a href=\"https:\/\/classroom.google.com\/?hl=es\">\n\t\t\t\t\t\t\t<img loading=\"lazy\" decoding=\"async\" width=\"723\" height=\"530\" src=\"https:\/\/cordemariafigueres.com\/wp-content\/uploads\/2021\/06\/kisspng-g-suite-google-classroom-student-5b0ae255173260.759030951527439957095-1.png\" class=\"elementor-animation-grow attachment-large size-large\" alt=\"\" \/>\t\t\t\t\t\t\t\t<\/a>\n\t\t\t\t\t\t\t\t\t\t\t\t\t\t\t<\/div>\n\t\t\t\t<\/div>\n\t\t\t\t\t<\/div>\n\t\t<\/div>\n\t\t\t\t<div class=\"elementor-column elementor-col-25 elementor-top-column elementor-element elementor-element-4989237\" data-id=\"4989237\" data-element_type=\"column\">\n\t\t\t<div class=\"elementor-widget-wrap elementor-element-populated\">\n\t\t\t\t\t\t\t\t<div class=\"elementor-element elementor-element-e6bf4d3 elementor-invisible elementor-widget elementor-widget-image\" data-id=\"e6bf4d3\" data-element_type=\"widget\" data-settings=\"{&quot;_animation&quot;:&quot;fadeInRight&quot;}\" data-widget_type=\"image.default\">\n\t\t\t\t<div class=\"elementor-widget-container\">\n\t\t\t\t\t\t\t\t\t\t\t\t\t\t\t\t<a href=\"https:\/\/www.ccma.cat\/tv3\/super3\/infok\">\n\t\t\t\t\t\t\t<img loading=\"lazy\" decoding=\"async\" width=\"300\" height=\"240\" src=\"https:\/\/cordemariafigueres.com\/wp-content\/uploads\/2022\/12\/20140203-Logo-Infok-300x240-removebg-preview.png\" class=\"elementor-animation-grow attachment-large size-large\" alt=\"\" \/>\t\t\t\t\t\t\t\t<\/a>\n\t\t\t\t\t\t\t\t\t\t\t\t\t\t\t<\/div>\n\t\t\t\t<\/div>\n\t\t\t\t\t<\/div>\n\t\t<\/div>\n\t\t\t\t\t\t\t<\/div>\n\t\t<\/section>\n\t\t\t\t<section class=\"elementor-section elementor-top-section elementor-element elementor-element-82f17c6 elementor-section-boxed elementor-section-height-default elementor-section-height-default\" data-id=\"82f17c6\" data-element_type=\"section\">\n\t\t\t\t\t\t\t<div class=\"elementor-background-overlay\"><\/div>\n\t\t\t\t\t\t\t<div class=\"elementor-container elementor-column-gap-default\">\n\t\t\t\t\t<div class=\"elementor-column elementor-col-25 elementor-top-column elementor-element elementor-element-76d90b7\" data-id=\"76d90b7\" data-element_type=\"column\">\n\t\t\t<div class=\"elementor-widget-wrap elementor-element-populated\">\n\t\t\t\t\t\t\t\t<div class=\"elementor-element elementor-element-8e1b340 elementor-invisible elementor-widget elementor-widget-image\" data-id=\"8e1b340\" data-element_type=\"widget\" data-settings=\"{&quot;_animation&quot;:&quot;fadeInLeft&quot;}\" data-widget_type=\"image.default\">\n\t\t\t\t<div class=\"elementor-widget-container\">\n\t\t\t\t\t\t\t\t\t\t\t\t\t\t\t\t<a href=\"https:\/\/www.diccionaris.cat\">\n\t\t\t\t\t\t\t<img loading=\"lazy\" decoding=\"async\" width=\"182\" height=\"135\" src=\"https:\/\/cordemariafigueres.com\/wp-content\/uploads\/2021\/06\/diccionaricat.png\" class=\"elementor-animation-grow attachment-large size-large\" alt=\"\" \/>\t\t\t\t\t\t\t\t<\/a>\n\t\t\t\t\t\t\t\t\t\t\t\t\t\t\t<\/div>\n\t\t\t\t<\/div>\n\t\t\t\t\t<\/div>\n\t\t<\/div>\n\t\t\t\t<div class=\"elementor-column elementor-col-25 elementor-top-column elementor-element elementor-element-967670c\" data-id=\"967670c\" data-element_type=\"column\">\n\t\t\t<div class=\"elementor-widget-wrap elementor-element-populated\">\n\t\t\t\t\t\t\t\t<div class=\"elementor-element elementor-element-86434bd elementor-invisible elementor-widget elementor-widget-image\" data-id=\"86434bd\" data-element_type=\"widget\" data-settings=\"{&quot;_animation&quot;:&quot;fadeInDown&quot;}\" data-widget_type=\"image.default\">\n\t\t\t\t<div class=\"elementor-widget-container\">\n\t\t\t\t\t\t\t\t\t\t\t\t\t\t\t\t<a href=\"http:\/\/www.dicdidac.cat\/\">\n\t\t\t\t\t\t\t<img loading=\"lazy\" decoding=\"async\" width=\"126\" height=\"140\" src=\"https:\/\/cordemariafigueres.com\/wp-content\/uploads\/2021\/06\/logo-didac.gif\" class=\"elementor-animation-grow attachment-large size-large\" alt=\"\" \/>\t\t\t\t\t\t\t\t<\/a>\n\t\t\t\t\t\t\t\t\t\t\t\t\t\t\t<\/div>\n\t\t\t\t<\/div>\n\t\t\t\t\t<\/div>\n\t\t<\/div>\n\t\t\t\t<div class=\"elementor-column elementor-col-25 elementor-top-column elementor-element elementor-element-a2263a8\" data-id=\"a2263a8\" data-element_type=\"column\">\n\t\t\t<div class=\"elementor-widget-wrap elementor-element-populated\">\n\t\t\t\t\t\t\t\t<div class=\"elementor-element elementor-element-bf844f6 elementor-invisible elementor-widget elementor-widget-image\" data-id=\"bf844f6\" data-element_type=\"widget\" data-settings=\"{&quot;_animation&quot;:&quot;fadeInUp&quot;}\" data-widget_type=\"image.default\">\n\t\t\t\t<div class=\"elementor-widget-container\">\n\t\t\t\t\t\t\t\t\t\t\t\t\t\t\t\t<a href=\"https:\/\/prezi.com\/\">\n\t\t\t\t\t\t\t<img loading=\"lazy\" decoding=\"async\" width=\"600\" height=\"600\" src=\"https:\/\/cordemariafigueres.com\/wp-content\/uploads\/2021\/06\/prezi.png\" class=\"elementor-animation-grow attachment-large size-large\" alt=\"\" \/>\t\t\t\t\t\t\t\t<\/a>\n\t\t\t\t\t\t\t\t\t\t\t\t\t\t\t<\/div>\n\t\t\t\t<\/div>\n\t\t\t\t\t<\/div>\n\t\t<\/div>\n\t\t\t\t<div class=\"elementor-column elementor-col-25 elementor-top-column elementor-element elementor-element-d11d4bc\" data-id=\"d11d4bc\" data-element_type=\"column\">\n\t\t\t<div class=\"elementor-widget-wrap elementor-element-populated\">\n\t\t\t\t\t\t\t\t<div class=\"elementor-element elementor-element-2298fc3 elementor-invisible elementor-widget elementor-widget-image\" data-id=\"2298fc3\" data-element_type=\"widget\" data-settings=\"{&quot;_animation&quot;:&quot;fadeInRight&quot;}\" data-widget_type=\"image.default\">\n\t\t\t\t<div class=\"elementor-widget-container\">\n\t\t\t\t\t\t\t\t\t\t\t\t\t\t\t\t<a href=\"https:\/\/www.ccma.cat\/tv3\/super3\/una-ma-de-contes\">\n\t\t\t\t\t\t\t<img loading=\"lazy\" decoding=\"async\" width=\"512\" height=\"109\" src=\"https:\/\/cordemariafigueres.com\/wp-content\/uploads\/2021\/06\/madecontes.png\" class=\"elementor-animation-grow attachment-large size-large\" alt=\"\" \/>\t\t\t\t\t\t\t\t<\/a>\n\t\t\t\t\t\t\t\t\t\t\t\t\t\t\t<\/div>\n\t\t\t\t<\/div>\n\t\t\t\t\t<\/div>\n\t\t<\/div>\n\t\t\t\t\t\t\t<\/div>\n\t\t<\/section>\n\t\t\t\t<section class=\"elementor-section elementor-top-section elementor-element elementor-element-291c102 elementor-section-boxed elementor-section-height-default elementor-section-height-default\" data-id=\"291c102\" data-element_type=\"section\">\n\t\t\t\t\t\t<div class=\"elementor-container elementor-column-gap-default\">\n\t\t\t\t\t<div class=\"elementor-column elementor-col-100 elementor-top-column elementor-element elementor-element-73daeae\" data-id=\"73daeae\" data-element_type=\"column\">\n\t\t\t<div class=\"elementor-widget-wrap elementor-element-populated\">\n\t\t\t\t\t\t\t\t<div class=\"elementor-element elementor-element-5415221 elementor-widget elementor-widget-heading\" data-id=\"5415221\" data-element_type=\"widget\" data-widget_type=\"heading.default\">\n\t\t\t\t<div class=\"elementor-widget-container\">\n\t\t\t<h2 class=\"elementor-heading-title elementor-size-large\">ENLLA\u00c7OS I RECURSOS PER A LES FAM\u00cdLIES<\/h2>\t\t<\/div>\n\t\t\t\t<\/div>\n\t\t\t\t\t<\/div>\n\t\t<\/div>\n\t\t\t\t\t\t\t<\/div>\n\t\t<\/section>\n\t\t\t\t<section class=\"elementor-section elementor-top-section elementor-element elementor-element-a28e40b elementor-section-boxed elementor-section-height-default elementor-section-height-default\" data-id=\"a28e40b\" data-element_type=\"section\">\n\t\t\t\t\t\t<div class=\"elementor-container elementor-column-gap-default\">\n\t\t\t\t\t<div class=\"elementor-column elementor-col-50 elementor-top-column elementor-element elementor-element-f03c622\" data-id=\"f03c622\" data-element_type=\"column\">\n\t\t\t<div class=\"elementor-widget-wrap elementor-element-populated\">\n\t\t\t\t\t\t\t\t<div class=\"elementor-element elementor-element-c8af0d1 elementor-invisible elementor-widget elementor-widget-image\" data-id=\"c8af0d1\" data-element_type=\"widget\" data-settings=\"{&quot;_animation&quot;:&quot;fadeInLeft&quot;}\" data-widget_type=\"image.default\">\n\t\t\t\t<div class=\"elementor-widget-container\">\n\t\t\t\t\t\t\t\t\t\t\t\t\t\t\t\t<a href=\"http:\/\/educacio.gencat.cat\/ca\/arees-actuacio\/families\/\">\n\t\t\t\t\t\t\t<img loading=\"lazy\" decoding=\"async\" width=\"300\" height=\"89\" src=\"https:\/\/cordemariafigueres.com\/wp-content\/uploads\/2022\/12\/familiaescola-removebg-preview-300x89.png\" class=\"elementor-animation-grow attachment-medium size-medium\" alt=\"\" srcset=\"https:\/\/cordemariafigueres.com\/wp-content\/uploads\/2022\/12\/familiaescola-removebg-preview-300x89.png 300w, https:\/\/cordemariafigueres.com\/wp-content\/uploads\/2022\/12\/familiaescola-removebg-preview.png 759w\" sizes=\"auto, (max-width: 300px) 100vw, 300px\" \/>\t\t\t\t\t\t\t\t<\/a>\n\t\t\t\t\t\t\t\t\t\t\t\t\t\t\t<\/div>\n\t\t\t\t<\/div>\n\t\t\t\t\t<\/div>\n\t\t<\/div>\n\t\t\t\t<div class=\"elementor-column elementor-col-50 elementor-top-column elementor-element elementor-element-b60935c\" data-id=\"b60935c\" data-element_type=\"column\">\n\t\t\t<div class=\"elementor-widget-wrap elementor-element-populated\">\n\t\t\t\t\t\t\t\t<div class=\"elementor-element elementor-element-21560cb elementor-invisible elementor-widget elementor-widget-image\" data-id=\"21560cb\" data-element_type=\"widget\" data-settings=\"{&quot;_animation&quot;:&quot;fadeInRight&quot;}\" data-widget_type=\"image.default\">\n\t\t\t\t<div class=\"elementor-widget-container\">\n\t\t\t\t\t\t\t\t\t\t\t\t\t\t\t\t<a href=\"https:\/\/www.siguestu.cat\/\">\n\t\t\t\t\t\t\t<img loading=\"lazy\" decoding=\"async\" width=\"224\" height=\"224\" src=\"https:\/\/cordemariafigueres.com\/wp-content\/uploads\/2022\/12\/siguestu-removebg-preview.png\" class=\"elementor-animation-grow attachment-medium size-medium\" alt=\"\" srcset=\"https:\/\/cordemariafigueres.com\/wp-content\/uploads\/2022\/12\/siguestu-removebg-preview.png 224w, https:\/\/cordemariafigueres.com\/wp-content\/uploads\/2022\/12\/siguestu-removebg-preview-150x150.png 150w\" sizes=\"auto, (max-width: 224px) 100vw, 224px\" \/>\t\t\t\t\t\t\t\t<\/a>\n\t\t\t\t\t\t\t\t\t\t\t\t\t\t\t<\/div>\n\t\t\t\t<\/div>\n\t\t\t\t\t<\/div>\n\t\t<\/div>\n\t\t\t\t\t\t\t<\/div>\n\t\t<\/section>\n\t\t\t\t\t\t<\/div>\n\t\t\t\t\t<\/div>","protected":false},"excerpt":{"rendered":"<p>ENLLA\u00c7OS I RECURSOS PER A L&#8217; ALUMNAT ENLLA\u00c7OS I RECURSOS PER A LES FAM\u00cdLIES<\/p>","protected":false},"author":1,"featured_media":0,"parent":0,"menu_order":0,"comment_status":"closed","ping_status":"closed","template":"","meta":{"footnotes":""},"class_list":["post-8249","page","type-page","status-publish","hentry","entry"],"_links":{"self":[{"href":"https:\/\/cordemariafigueres.com\/es\/wp-json\/wp\/v2\/pages\/8249","targetHints":{"allow":["GET"]}}],"collection":[{"href":"https:\/\/cordemariafigueres.com\/es\/wp-json\/wp\/v2\/pages"}],"about":[{"href":"https:\/\/cordemariafigueres.com\/es\/wp-json\/wp\/v2\/types\/page"}],"author":[{"embeddable":true,"href":"https:\/\/cordemariafigueres.com\/es\/wp-json\/wp\/v2\/users\/1"}],"replies":[{"embeddable":true,"href":"https:\/\/cordemariafigueres.com\/es\/wp-json\/wp\/v2\/comments?post=8249"}],"version-history":[{"count":163,"href":"https:\/\/cordemariafigueres.com\/es\/wp-json\/wp\/v2\/pages\/8249\/revisions"}],"predecessor-version":[{"id":9280,"href":"https:\/\/cordemariafigueres.com\/es\/wp-json\/wp\/v2\/pages\/8249\/revisions\/9280"}],"wp:attachment":[{"href":"https:\/\/cordemariafigueres.com\/es\/wp-json\/wp\/v2\/media?parent=8249"}],"curies":[{"name":"wp","href":"https:\/\/api.w.org\/{rel}","templated":true}]}}